{"id":2,"date":"2024-11-26T15:35:30","date_gmt":"2024-11-26T15:35:30","guid":{"rendered":"https:\/\/omz.co.at\/?page_id=2"},"modified":"2024-11-26T16:58:38","modified_gmt":"2024-11-26T16:58:38","slug":"uberuns","status":"publish","type":"page","link":"https:\/\/omz.co.at\/?page_id=2","title":{"rendered":"\u00dcber Uns"},"content":{"rendered":"<p>OMZ Metallhandel GmbH \u2013 Ihr verl\u00e4sslicher Partner im Schrotthandel und Recycling<\/p>\n<p>Willkommen bei der OMZ Metallhandel GmbH, Ihrem Spezialisten f\u00fcr den Ankauf, die Verarbeitung und den Handel mit Altmetallen und Schrott. Mit unserem Firmensitz in der Wienerstra\u00dfe 44, 2203 Gro\u00dfebersdorf, sind wir Ihr kompetenter Ansprechpartner f\u00fcr Privat- und Gesch\u00e4ftskunden in ganz \u00d6sterreich.<\/p>\n<p>Unsere Mission ist klar: Ressourcen effizient nutzen, die Umwelt sch\u00fctzen und wirtschaftliche Werte schaffen. Als modernes Unternehmen im Bereich Schrotthandel tragen wir dazu bei, wertvolle Rohstoffe zu recyceln und eine nachhaltige Zukunft zu f\u00f6rdern.<\/p>\n<p>Unsere St\u00e4rken<\/p>\n<p>\u2022 Erfahrung und Kompetenz: Mit einem engagierten Team und langj\u00e4hriger Expertise garantieren wir Ihnen zuverl\u00e4ssige Dienstleistungen und faire Konditionen.<\/p>\n<p>\u2022 Flexibilit\u00e4t: Wir bieten individuelle L\u00f6sungen \u2013 von der Abholung Ihres Schrottes bis zur fachgerechten Entsorgung und Verarbeitung.<\/p>\n<p>\u2022 Nachhaltigkeit: Durch innovative Recyclingprozesse leisten wir einen wichtigen Beitrag zum Umweltschutz.<\/p>\n<p>Unser Leistungsspektrum<\/p>\n<p>\u2022 Ankauf von Altmetallen wie Kupfer, Aluminium, Eisen, Messing, Zink und mehr.<\/p>\n<p>\u2022 Recycling von Produktionsabf\u00e4llen und Elektroschrott.<\/p>\n<p>\u2022 Bereitstellung von Containern und Abholung direkt bei Ihnen vor Ort.<\/p>\n<p>\u2022 Fachgerechte Entsorgung von schadstoffbelasteten Materialien.<\/p>\n<p>Warum OMZ Metallhandel GmbH?<\/p>\n<p>Wir stehen f\u00fcr Transparenz, Vertrauen und eine partnerschaftliche Zusammenarbeit. Ganz gleich, ob Sie kleinere Mengen an Schrott verkaufen oder als Unternehmen eine langfristige L\u00f6sung f\u00fcr Ihre Recyclingbed\u00fcrfnisse suchen \u2013 bei uns sind Sie in besten H\u00e4nden.<\/p>\n<p>Lassen Sie uns gemeinsam einen Beitrag zu einer nachhaltigeren Zukunft leisten. Wir freuen uns darauf, Sie pers\u00f6nlich von unseren Leistungen zu \u00fcberzeugen!<\/p>\n<p dir=\"auto\">OMZ Metallhandel GmbH \u2013 Effizient. Nachhaltig. Verl\u00e4sslich !<\/p>\n","protected":false},"excerpt":{"rendered":"<p>OMZ Metallhandel GmbH \u2013 Ihr verl\u00e4sslicher Partner im Schrotthandel und Recycling Willkommen bei der OMZ Metallhandel GmbH, Ihrem Spezialisten f\u00fcr den Ankauf, die Verarbeitung und den Handel mit Altmetallen und Schrott. Mit unserem Firmensitz in der Wienerstra\u00dfe 44, 2203 Gro\u00dfebersdorf, sind wir Ihr kompetenter Ansprechpartner f\u00fcr Privat- und Gesch\u00e4ftskunden in ganz \u00d6sterreich. Unsere Mission ist [&hellip;]<\/p>\n","protected":false},"author":1,"featured_media":0,"parent":0,"menu_order":0,"comment_status":"closed","ping_status":"closed","template":"","meta":{"_joinchat":[],"footnotes":""},"class_list":["post-2","page","type-page","status-publish","hentry"],"_links":{"self":[{"href":"https:\/\/omz.co.at\/index.php?rest_route=\/wp\/v2\/pages\/2","targetHints":{"allow":["GET"]}}],"collection":[{"href":"https:\/\/omz.co.at\/index.php?rest_route=\/wp\/v2\/pages"}],"about":[{"href":"https:\/\/omz.co.at\/index.php?rest_route=\/wp\/v2\/types\/page"}],"author":[{"embeddable":true,"href":"https:\/\/omz.co.at\/index.php?rest_route=\/wp\/v2\/users\/1"}],"replies":[{"embeddable":true,"href":"https:\/\/omz.co.at\/index.php?rest_route=%2Fwp%2Fv2%2Fcomments&post=2"}],"version-history":[{"count":2,"href":"https:\/\/omz.co.at\/index.php?rest_route=\/wp\/v2\/pages\/2\/revisions"}],"predecessor-version":[{"id":75,"href":"https:\/\/omz.co.at\/index.php?rest_route=\/wp\/v2\/pages\/2\/revisions\/75"}],"wp:attachment":[{"href":"https:\/\/omz.co.at\/index.php?rest_route=%2Fwp%2Fv2%2Fmedia&parent=2"}],"curies":[{"name":"wp","href":"https:\/\/api.w.org\/{rel}","templated":true}]}}